{"id":1112,"date":"2017-01-24T10:44:09","date_gmt":"2017-01-24T09:44:09","guid":{"rendered":"http:\/\/zupaidrugie.pl\/index.php\/blog\/"},"modified":"2019-03-19T18:28:52","modified_gmt":"2019-03-19T17:28:52","slug":"blog","status":"publish","type":"page","link":"http:\/\/zupaidrugie.pl\/index.php\/blog\/","title":{"rendered":"Blog"},"content":{"rendered":"","protected":false},"excerpt":{"rendered":"","protected":false},"author":1,"featured_media":0,"parent":0,"menu_order":0,"comment_status":"closed","ping_status":"closed","template":"","meta":[],"yoast_head":"<!-- This site is optimized with the Yoast SEO plugin v20.11 - https:\/\/yoast.com\/wordpress\/plugins\/seo\/ -->\n<title>Blog - Zupa i drugie<\/title>\n<meta name=\"robots\" content=\"index, follow, max-snippet:-1, max-image-preview:large, max-video-preview:-1\" \/>\n<link rel=\"canonical\" href=\"http:\/\/zupaidrugie.pl\/index.php\/blog\/\" \/>\n<meta property=\"og:locale\" content=\"pl_PL\" \/>\n<meta property=\"og:type\" content=\"article\" \/>\n<meta property=\"og:title\" content=\"Blog - Zupa i drugie\" \/>\n<meta property=\"og:url\" content=\"http:\/\/zupaidrugie.pl\/index.php\/blog\/\" \/>\n<meta property=\"og:site_name\" content=\"Zupa i drugie\" \/>\n<meta property=\"article:modified_time\" content=\"2019-03-19T17:28:52+00:00\" \/>\n<meta name=\"twitter:card\" content=\"summary_large_image\" \/>\n<script type=\"application\/ld+json\" class=\"yoast-schema-graph\">{\"@context\":\"https:\/\/schema.org\",\"@graph\":[{\"@type\":\"WebPage\",\"@id\":\"http:\/\/zupaidrugie.pl\/index.php\/blog\/\",\"url\":\"http:\/\/zupaidrugie.pl\/index.php\/blog\/\",\"name\":\"Blog - Zupa i drugie\",\"isPartOf\":{\"@id\":\"https:\/\/zupaidrugie.pl\/#website\"},\"datePublished\":\"2017-01-24T09:44:09+00:00\",\"dateModified\":\"2019-03-19T17:28:52+00:00\",\"breadcrumb\":{\"@id\":\"http:\/\/zupaidrugie.pl\/index.php\/blog\/#breadcrumb\"},\"inLanguage\":\"pl-PL\",\"potentialAction\":[{\"@type\":\"ReadAction\",\"target\":[\"http:\/\/zupaidrugie.pl\/index.php\/blog\/\"]}]},{\"@type\":\"BreadcrumbList\",\"@id\":\"http:\/\/zupaidrugie.pl\/index.php\/blog\/#breadcrumb\",\"itemListElement\":[{\"@type\":\"ListItem\",\"position\":1,\"name\":\"Strona g\u0142\u00f3wna\",\"item\":\"http:\/\/zupaidrugie.pl\/\"},{\"@type\":\"ListItem\",\"position\":2,\"name\":\"Blog\"}]},{\"@type\":\"WebSite\",\"@id\":\"https:\/\/zupaidrugie.pl\/#website\",\"url\":\"https:\/\/zupaidrugie.pl\/\",\"name\":\"Zupa i drugie\",\"description\":\"Catering Wroc\u0142aw, Imprezy okoliczno\u015bciowe Wroc\u0142aw\",\"potentialAction\":[{\"@type\":\"SearchAction\",\"target\":{\"@type\":\"EntryPoint\",\"urlTemplate\":\"https:\/\/zupaidrugie.pl\/?s={search_term_string}\"},\"query-input\":\"required name=search_term_string\"}],\"inLanguage\":\"pl-PL\"}]}<\/script>\n<!-- \/ Yoast SEO plugin. -->","yoast_head_json":{"title":"Blog - Zupa i drugie","robots":{"index":"index","follow":"follow","max-snippet":"max-snippet:-1","max-image-preview":"max-image-preview:large","max-video-preview":"max-video-preview:-1"},"canonical":"http:\/\/zupaidrugie.pl\/index.php\/blog\/","og_locale":"pl_PL","og_type":"article","og_title":"Blog - Zupa i drugie","og_url":"http:\/\/zupaidrugie.pl\/index.php\/blog\/","og_site_name":"Zupa i drugie","article_modified_time":"2019-03-19T17:28:52+00:00","twitter_card":"summary_large_image","schema":{"@context":"https:\/\/schema.org","@graph":[{"@type":"WebPage","@id":"http:\/\/zupaidrugie.pl\/index.php\/blog\/","url":"http:\/\/zupaidrugie.pl\/index.php\/blog\/","name":"Blog - Zupa i drugie","isPartOf":{"@id":"https:\/\/zupaidrugie.pl\/#website"},"datePublished":"2017-01-24T09:44:09+00:00","dateModified":"2019-03-19T17:28:52+00:00","breadcrumb":{"@id":"http:\/\/zupaidrugie.pl\/index.php\/blog\/#breadcrumb"},"inLanguage":"pl-PL","potentialAction":[{"@type":"ReadAction","target":["http:\/\/zupaidrugie.pl\/index.php\/blog\/"]}]},{"@type":"BreadcrumbList","@id":"http:\/\/zupaidrugie.pl\/index.php\/blog\/#breadcrumb","itemListElement":[{"@type":"ListItem","position":1,"name":"Strona g\u0142\u00f3wna","item":"http:\/\/zupaidrugie.pl\/"},{"@type":"ListItem","position":2,"name":"Blog"}]},{"@type":"WebSite","@id":"https:\/\/zupaidrugie.pl\/#website","url":"https:\/\/zupaidrugie.pl\/","name":"Zupa i drugie","description":"Catering Wroc\u0142aw, Imprezy okoliczno\u015bciowe Wroc\u0142aw","potentialAction":[{"@type":"SearchAction","target":{"@type":"EntryPoint","urlTemplate":"https:\/\/zupaidrugie.pl\/?s={search_term_string}"},"query-input":"required name=search_term_string"}],"inLanguage":"pl-PL"}]}},"_links":{"self":[{"href":"http:\/\/zupaidrugie.pl\/index.php\/wp-json\/wp\/v2\/pages\/1112"}],"collection":[{"href":"http:\/\/zupaidrugie.pl\/index.php\/wp-json\/wp\/v2\/pages"}],"about":[{"href":"http:\/\/zupaidrugie.pl\/index.php\/wp-json\/wp\/v2\/types\/page"}],"author":[{"embeddable":true,"href":"http:\/\/zupaidrugie.pl\/index.php\/wp-json\/wp\/v2\/users\/1"}],"replies":[{"embeddable":true,"href":"http:\/\/zupaidrugie.pl\/index.php\/wp-json\/wp\/v2\/comments?post=1112"}],"version-history":[{"count":1,"href":"http:\/\/zupaidrugie.pl\/index.php\/wp-json\/wp\/v2\/pages\/1112\/revisions"}],"predecessor-version":[{"id":1521,"href":"http:\/\/zupaidrugie.pl\/index.php\/wp-json\/wp\/v2\/pages\/1112\/revisions\/1521"}],"wp:attachment":[{"href":"http:\/\/zupaidrugie.pl\/index.php\/wp-json\/wp\/v2\/media?parent=1112"}],"curies":[{"name":"wp","href":"https:\/\/api.w.org\/{rel}","templated":true}]}}